{"id":77,"date":"2015-11-30T17:34:34","date_gmt":"2015-11-30T15:34:34","guid":{"rendered":"http:\/\/new.princefilm.ch\/wordpress\/?page_id=77"},"modified":"2023-08-01T14:00:33","modified_gmt":"2023-08-01T12:00:33","slug":"a-propos","status":"publish","type":"page","link":"https:\/\/princefilm.ch\/fr\/a-propos\/","title":{"rendered":"A propos"},"content":{"rendered":"\n<div class=\"wp-block-group\"><div class=\"wp-block-group__inner-container\">\n<h5>PIERRE-ALAIN MEIER<\/h5>\n<p style=\"text-align: justify;\">N\u00e9 \u00e0 Del\u00e9mont (Suisse) en 1952. Etudes \u00e0 Neuch\u00e2tel (sciences et lettres) et \u00e0 Bruxelles (INSAS). Fondateur et directeur de Thelma Film AG, depuis 1988. Fondateur et directeur de Prince Film SA, depuis 1987.<\/p>\n<p style=\"text-align: justify;\">Producteur et coproducteur d\u2019une quarantaine de films, dont \u00ab\u00a0Yaaba\u00a0\u00bb d\u2019Idrissa Ouedraogo, \u00ab\u00a0Hy\u00e8nes\u00a0\u00bb de Djibril Diop Mamb\u00e9ty, \u00ab\u00a0Les gens de la rizi\u00e8re\u00a0\u00bb de Rithy Panh, \u00ab\u00a0Bab el Oued City\u00a0\u00bb de Merzak Allouache, \u00ab\u00a0Salt of this Sea\u00a0\u00bb d\u2019Annemarie Jacir, \u00ab\u00a0Bye Bye\u00a0\u00bb de Karim Dridi, \u00ab\u00a0Memoria del Saqueo\u00a0\u00bb et \u00ab\u00a0La Dignidad de los Nadies\u00a0\u00bb de Fernando Solanas, \u00ab\u00a0Un \u00e9t\u00e9 br\u00fblant\u00a0\u00bb de Philippe Garrel.<\/p>\n<p>\u00a0<\/p>\n<p><img loading=\"lazy\" class=\"aligncenter wp-image-356 size-full\" src=\"http:\/\/princefilm.ch\/wp-content\/uploads\/2015\/11\/DSC_3555-copie_modifi\u00e9-2.jpg\" alt=\"Berlinale Dining Club am 11.2.2004 im Kaisersaal 54. Internationale Filmfestspiele Berlin Foto: ShamrockPhoto \/ Norbert Kesten\" width=\"4129\" height=\"2753\" srcset=\"https:\/\/princefilm.ch\/wp-content\/uploads\/2015\/11\/DSC_3555-copie_modifi\u00e9-2.jpg 4129w, https:\/\/princefilm.ch\/wp-content\/uploads\/2015\/11\/DSC_3555-copie_modifi\u00e9-2-300x200.jpg 300w, https:\/\/princefilm.ch\/wp-content\/uploads\/2015\/11\/DSC_3555-copie_modifi\u00e9-2-1024x683.jpg 1024w, https:\/\/princefilm.ch\/wp-content\/uploads\/2015\/11\/DSC_3555-copie_modifi\u00e9-2-450x300.jpg 450w\" sizes=\"(max-width: 4129px) 100vw, 4129px\" \/><\/p>\n<p style=\"text-align: center;\">\u00c0 Berlin, avec Fernando Solanas (Ours d\u2019Or d\u2019Honneur) et Walter Ruggle (trigon-film)<\/p>\n<p>\u00a0<\/p>\n<p style=\"text-align: justify;\">Parmi les productions de films de r\u00e9alisateurs\/trices suisses : \u00ab Pas douce \u00bb de Jeanne Waltz, \u00ab Les Hommes du Port \u00bb d\u2019Alain Tanner, \u00ab Blind Date \u00bb collection de 12 C. M. (Samir, Christoph Schaub, Marcel Gisler, etc), \u00ab Au loin des villages \u00bb, \u00ab Comme des lions de pierre \u00bb et \u00ab Le p\u00e9rim\u00e8tre de Kams\u00e9 \u00bb d\u2019Olivier Zuchuat, \u00ab More than Honey \u00bb et \u00ab Eldorado \u00bb de Markus Imhoof, \u00ab Charmants Voisins \u00bb et \u00ab Win Win \u00bb de Claudio Tonetti.<\/p>\n<p style=\"text-align: justify;\"><span style=\"color: #ffffff;\">\u00a0<\/span><\/p>\n<p style=\"text-align: center;\"><img loading=\"lazy\" class=\"aligncenter wp-image-326 size-full\" src=\"http:\/\/princefilm.ch\/wp-content\/uploads\/2015\/11\/MG_4863-copie.jpg\" alt=\"_MG_4863 - copie\" width=\"4080\" height=\"2720\" srcset=\"https:\/\/princefilm.ch\/wp-content\/uploads\/2015\/11\/MG_4863-copie.jpg 4080w, https:\/\/princefilm.ch\/wp-content\/uploads\/2015\/11\/MG_4863-copie-300x200.jpg 300w, https:\/\/princefilm.ch\/wp-content\/uploads\/2015\/11\/MG_4863-copie-1024x683.jpg 1024w, https:\/\/princefilm.ch\/wp-content\/uploads\/2015\/11\/MG_4863-copie-450x300.jpg 450w\" sizes=\"(max-width: 4080px) 100vw, 4080px\" \/><\/p>\n<p style=\"text-align: center;\">Avec Jean-Luc Couchard, durant le tournage de \u00ab Win Win \u00bb<\/p>\n<div class=\"QmZWSe\">\n<div>\u00a0<\/div>\n<div class=\"DHcWmd\"><span lang=\"en\">Auteur, r\u00e9alisateur et producteur de :<\/span><\/div>\n<\/div>\n<div class=\"oSioSc\">\n<div id=\"tw-target\">\n<div id=\"kAz1tf\" class=\"g9WsWb\">\n<div id=\"tw-target-text-container\" class=\"tw-ta-container hide-focus-ring tw-nfl\" tabindex=\"0\">\n<p style=\"padding-left: 40px;\"><span lang=\"en\"><br \/><\/span>1986 <strong>IKARIA BP 1447<br \/><\/strong>L.M. doc., 73\u2019, Grand-Prix du Festival de Strasbourg, 1987<\/p>\n<\/div>\n<\/div>\n<\/div>\n<\/div>\n<p style=\"padding-left: 40px;\">1988 <strong>DOULEUR D&rsquo;AMOUR<br \/><\/strong>L.M. doc., 62\u2019, Grand-Prix du Festival de Bludenz, 1988<\/p>\n<p style=\"padding-left: 40px;\">1994 <strong>LA DANSE DU SINGE ET DU POISSON<br \/><\/strong>M.M. 40\u2019, doc.<\/p>\n<p style=\"padding-left: 40px;\">2001 <strong>THELMA<br \/><\/strong>L.M. de fiction, 90\u2019, Festival de Mannheim-Heidelberg 2001, Prix des Exploitants<br \/>Prime de qualit\u00e9 OFC, Prix de la Ville de Z\u00fcrich<\/p>\n<p style=\"padding-left: 40px;\">2017 <strong>ADIEU A L\u2019AFRIQUE<br \/><\/strong>L.M. doc. 87\u2019, Festival de Nyon, Comp\u00e9tition internationale.<\/p>\n<p style=\"padding-left: 40px;\">2022 <strong>LOVE OF FATE<br \/><\/strong>L.M. doc 89\u2019<\/p>\n<hr \/>\n<h5>MONIKA BREGGER<\/h5>\n<p style=\"text-align: justify;\">Production Designer, d\u00e9coratrice, assistante de production, interlocutrice, traductrice, Monika partage le destin de Thelma Film et de Prince Film depuis 1995.<\/p>\n<p style=\"text-align: justify;\">Elle a r\u00e9alis\u00e9 en particulier pour Thelma Film et Prince Film les d\u00e9cors de <em>Charmants Voisins<\/em>, <em>Thelma<\/em>, <em>Win Win<\/em> (partie Chine), <em>Ang\u00e9lique<\/em> (Blind Date), <em>Einfach so<\/em> (Blind Date).<\/p>\n<p>\u00a0<img loading=\"lazy\" class=\"aligncenter wp-image-324 size-full\" src=\"http:\/\/princefilm.ch\/wp-content\/uploads\/2015\/11\/Monika-Bregger.jpg\" alt=\"Monika Bregger\" width=\"3872\" height=\"2592\" srcset=\"https:\/\/princefilm.ch\/wp-content\/uploads\/2015\/11\/Monika-Bregger.jpg 3872w, https:\/\/princefilm.ch\/wp-content\/uploads\/2015\/11\/Monika-Bregger-300x201.jpg 300w, https:\/\/princefilm.ch\/wp-content\/uploads\/2015\/11\/Monika-Bregger-1024x685.jpg 1024w, https:\/\/princefilm.ch\/wp-content\/uploads\/2015\/11\/Monika-Bregger-450x300.jpg 450w\" sizes=\"(max-width: 3872px) 100vw, 3872px\" \/><\/p>\n<p style=\"text-align: center;\">A Shanghai, lors du tournage de <em>Win Win<\/em>.<\/p>\n<\/div><\/div>\n","protected":false},"excerpt":{"rendered":"","protected":false},"author":5,"featured_media":0,"parent":0,"menu_order":0,"comment_status":"closed","ping_status":"closed","template":"","meta":[],"_links":{"self":[{"href":"https:\/\/princefilm.ch\/fr\/wp-json\/wp\/v2\/pages\/77"}],"collection":[{"href":"https:\/\/princefilm.ch\/fr\/wp-json\/wp\/v2\/pages"}],"about":[{"href":"https:\/\/princefilm.ch\/fr\/wp-json\/wp\/v2\/types\/page"}],"author":[{"embeddable":true,"href":"https:\/\/princefilm.ch\/fr\/wp-json\/wp\/v2\/users\/5"}],"replies":[{"embeddable":true,"href":"https:\/\/princefilm.ch\/fr\/wp-json\/wp\/v2\/comments?post=77"}],"version-history":[{"count":138,"href":"https:\/\/princefilm.ch\/fr\/wp-json\/wp\/v2\/pages\/77\/revisions"}],"predecessor-version":[{"id":16327,"href":"https:\/\/princefilm.ch\/fr\/wp-json\/wp\/v2\/pages\/77\/revisions\/16327"}],"wp:attachment":[{"href":"https:\/\/princefilm.ch\/fr\/wp-json\/wp\/v2\/media?parent=77"}],"curies":[{"name":"wp","href":"https:\/\/api.w.org\/{rel}","templated":true}]}}