{"id":11179,"date":"2020-03-12T16:20:34","date_gmt":"2020-03-12T14:20:34","guid":{"rendered":"http:\/\/new.princefilm.ch\/?page_id=11179"},"modified":"2023-08-01T14:23:39","modified_gmt":"2023-08-01T12:23:39","slug":"ueber-uns","status":"publish","type":"page","link":"https:\/\/princefilm.ch\/en\/ueber-uns\/","title":{"rendered":"About"},"content":{"rendered":"<h5><\/h5>\n<h5 style=\"text-align: justify;\">PIERRE-ALAIN MEIER<\/h5>\n<p style=\"text-align: justify;\">Born in Del\u00e9mont (Switzerland) in 1952. Studied in Neuch\u00e2tel (science and literature) and Brussels (INSAS). Founder and director of Thelma Film AG, since 1988. Founder and director of Prince Film SA, since 1987.<\/p>\n<p style=\"text-align: justify;\">Producer of more than thirty feature length fictional and documentary films for the cinema in various countries including Argentina (Memoria del Saqueo and La Dignidad de los Nadies by Fernando Solanas), Cambodia (Rice People by Rithy Panh), Senegal (Hyenas by Djibril Diop Mamb\u00e9ty), Burkina Faso (Yaaba by Idrissa Ouedraogo), Algeria (Bab el Oued City by Merzak Allouache), Romania (Maria by Peter Netzer), Italy (Men of the Port by Alain Tanner), Switzerland (Fire in Paradise, More than Honey and Eldorado by Markus Imhoof, Pas douce by Jeanne Waltz, Win Win by Claudio Tonetti, Thelma, Farewell to Africa, Amor Fati, by Pierre-Alain Meier), France (Bye Bye by Karim Dridi, Karnaval by Thomas Vincent, Un \u00e9t\u00e9 br\u00fblant by Philippe Garrel), Palestine (Salt of this Sea by Annemarie Jacir), etc.<\/p>\n<p style=\"text-align: justify;\"><span style=\"color: #ffffff;\">\u00a0<\/span><\/p>\n<p><img loading=\"lazy\" class=\"aligncenter wp-image-356 size-full\" src=\"http:\/\/princefilm.ch\/wp-content\/uploads\/2015\/11\/DSC_3555-copie_modifi\u00e9-2.jpg\" alt=\"Berlinale Dining Club am 11.2.2004 im Kaisersaal 54. Internationale Filmfestspiele Berlin Foto: ShamrockPhoto \/ Norbert Kesten\" width=\"4129\" height=\"2753\" srcset=\"https:\/\/princefilm.ch\/wp-content\/uploads\/2015\/11\/DSC_3555-copie_modifi\u00e9-2.jpg 4129w, https:\/\/princefilm.ch\/wp-content\/uploads\/2015\/11\/DSC_3555-copie_modifi\u00e9-2-300x200.jpg 300w, https:\/\/princefilm.ch\/wp-content\/uploads\/2015\/11\/DSC_3555-copie_modifi\u00e9-2-1024x683.jpg 1024w, https:\/\/princefilm.ch\/wp-content\/uploads\/2015\/11\/DSC_3555-copie_modifi\u00e9-2-450x300.jpg 450w\" sizes=\"(max-width: 4129px) 100vw, 4129px\" \/><\/p>\n<p style=\"text-align: center;\">In Berlin, with Fernando Solanas (Ours d\u2019Or d\u2019Honneur) and Walter Ruggle (trigon-film)<\/p>\n<p style=\"text-align: justify;\">For the most part, these films were directed by natives of the countries in which they were filmed. Many were co-produced by European partners and in a few cases, by on location partners, most often the filmmakers\u2019 production companies.<\/p>\n<p style=\"text-align: justify;\"><span style=\"color: #ffffff;\">\u00a0<\/span><\/p>\n<p style=\"text-align: center;\"><img loading=\"lazy\" class=\"aligncenter wp-image-326 size-full\" src=\"http:\/\/princefilm.ch\/wp-content\/uploads\/2015\/11\/MG_4863-copie.jpg\" alt=\"_MG_4863 - copie\" width=\"4080\" height=\"2720\" srcset=\"https:\/\/princefilm.ch\/wp-content\/uploads\/2015\/11\/MG_4863-copie.jpg 4080w, https:\/\/princefilm.ch\/wp-content\/uploads\/2015\/11\/MG_4863-copie-300x200.jpg 300w, https:\/\/princefilm.ch\/wp-content\/uploads\/2015\/11\/MG_4863-copie-1024x683.jpg 1024w, https:\/\/princefilm.ch\/wp-content\/uploads\/2015\/11\/MG_4863-copie-450x300.jpg 450w\" sizes=\"(max-width: 4080px) 100vw, 4080px\" \/><\/p>\n<p style=\"text-align: center;\">With Jean-Luc Couchard, during the shooting of \u00ab Win Win \u00bb<\/p>\n<div class=\"QmZWSe\">\n<div><\/div>\n<div class=\"DHcWmd\"><span lang=\"en\">Author, director and producer of :<\/span><\/div>\n<\/div>\n<div class=\"oSioSc\">\n<div id=\"tw-target\">\n<div id=\"kAz1tf\" class=\"g9WsWb\">\n<div id=\"tw-target-text-container\" class=\"tw-ta-container hide-focus-ring tw-nfl\" tabindex=\"0\">\n<p style=\"padding-left: 40px;\"><span lang=\"en\"><br \/>\n<\/span>1986<strong> IKARIA BP 1447<br \/>\n<\/strong>L.M. doc., 73\u2019, Grand-Prix du Festival de Strasbourg, 1987<\/p>\n<\/div>\n<\/div>\n<\/div>\n<\/div>\n<p style=\"padding-left: 40px;\">1988 <strong>DOULEUR D&#8217;AMOUR<br \/>\n<\/strong>L.M. doc., 62\u2019, Grand-Prix du Festival de Bludenz, 1988<\/p>\n<p style=\"padding-left: 40px;\">1994 <strong>LA DANSE DU SINGE ET DU POISSON<br \/>\n<\/strong>M.M. 40\u2019, doc.<\/p>\n<p style=\"padding-left: 40px;\">2001 <strong>THELMA<br \/>\n<\/strong>L.M. de fiction, 90\u2019, Festival de Mannheim-Heidelberg 2001, Prix des Exploitants<br \/>\nPrime de qualit\u00e9 OFC, Prix de la Ville de Z\u00fcrich<\/p>\n<p style=\"padding-left: 40px;\">2017 <strong>FAREWELL TO AFRICA<br \/>\n<\/strong>L.M. doc. 87\u2019, Festival de Nyon, Comp\u00e9tition internationale.<\/p>\n<p style=\"padding-left: 40px;\">2022 <strong>LOVE OF FATE<br \/>\n<\/strong>L.M. doc 89\u2019<\/p>\n<hr \/>\n<h5 style=\"text-align: justify;\">MONIKA BREGGER<\/h5>\n<p>Working as a production designer, art director, production assistant, interlocutor and translator, Monika has worked in close collaboration with Thelma Film and Prince Film since 1995.<\/p>\n<p>Most notably she worked as an art director for Thelma Film and Prince Film on the films <em>Charming neighbours<\/em>, <em>Thelma<\/em>, <em>Win Win<\/em> (Chinese locations) and <em>Blind Date.<\/em><\/p>\n<p><img loading=\"lazy\" class=\"aligncenter wp-image-324 size-full\" src=\"http:\/\/princefilm.ch\/wp-content\/uploads\/2015\/11\/Monika-Bregger.jpg\" alt=\"Monika Bregger\" width=\"3872\" height=\"2592\" srcset=\"https:\/\/princefilm.ch\/wp-content\/uploads\/2015\/11\/Monika-Bregger.jpg 3872w, https:\/\/princefilm.ch\/wp-content\/uploads\/2015\/11\/Monika-Bregger-300x201.jpg 300w, https:\/\/princefilm.ch\/wp-content\/uploads\/2015\/11\/Monika-Bregger-1024x685.jpg 1024w, https:\/\/princefilm.ch\/wp-content\/uploads\/2015\/11\/Monika-Bregger-450x300.jpg 450w\" sizes=\"(max-width: 3872px) 100vw, 3872px\" \/><\/p>\n<p style=\"text-align: center;\">In\u00a0Shanghai, during the shooting of\u00a0<em>Win Win<\/em>.<\/p>\n","protected":false},"excerpt":{"rendered":"<p>PIERRE-ALAIN MEIER Born in Del\u00e9mont (Switzerland) in 1952. Studied in Neuch\u00e2tel (science and literature) and Brussels (INSAS). Founder and director of Thelma Film AG, since 1988. Founder and director of Prince Film SA, since 1987. Producer of more than thirty feature length fictional and documentary films for the cinema in various countries including Argentina (Memoria [&hellip;]<\/p>\n","protected":false},"author":4,"featured_media":0,"parent":0,"menu_order":0,"comment_status":"closed","ping_status":"closed","template":"","meta":[],"_links":{"self":[{"href":"https:\/\/princefilm.ch\/en\/wp-json\/wp\/v2\/pages\/11179"}],"collection":[{"href":"https:\/\/princefilm.ch\/en\/wp-json\/wp\/v2\/pages"}],"about":[{"href":"https:\/\/princefilm.ch\/en\/wp-json\/wp\/v2\/types\/page"}],"author":[{"embeddable":true,"href":"https:\/\/princefilm.ch\/en\/wp-json\/wp\/v2\/users\/4"}],"replies":[{"embeddable":true,"href":"https:\/\/princefilm.ch\/en\/wp-json\/wp\/v2\/comments?post=11179"}],"version-history":[{"count":29,"href":"https:\/\/princefilm.ch\/en\/wp-json\/wp\/v2\/pages\/11179\/revisions"}],"predecessor-version":[{"id":16318,"href":"https:\/\/princefilm.ch\/en\/wp-json\/wp\/v2\/pages\/11179\/revisions\/16318"}],"wp:attachment":[{"href":"https:\/\/princefilm.ch\/en\/wp-json\/wp\/v2\/media?parent=11179"}],"curies":[{"name":"wp","href":"https:\/\/api.w.org\/{rel}","templated":true}]}}