{"id":11182,"date":"2020-03-12T16:23:28","date_gmt":"2020-03-12T14:23:28","guid":{"rendered":"http:\/\/new.princefilm.ch\/?page_id=11182"},"modified":"2023-08-01T14:26:05","modified_gmt":"2023-08-01T12:26:05","slug":"ueber-uns","status":"publish","type":"page","link":"https:\/\/princefilm.ch\/de\/ueber-uns\/","title":{"rendered":"Uber uns"},"content":{"rendered":"<h5>PIERRE-ALAIN MEIER<\/h5>\n<p style=\"text-align: justify;\">Geboren 1952 in Del\u00e9mont (Schweiz). Studium in Neuch\u00e2tel (Wissenschaft und Literatur) und Br\u00fcssel (INSAS). Gr\u00fcnder und Direktor der Thelma Film AG, seit 1988. Gr\u00fcnder und Direktor der Prince Film SA, seit 1987.<\/p>\n<p style=\"text-align: justify;\">Produzent von mehr als drei\u00dfig Spiel- und Dokumentarfilme f\u00fcr das Kino.\u00a0Unter anderem in Argentinien (<em>Memoria del Saqueo<\/em> von Fernando Solanas, Berlinale 2004, Ehren Goldb\u00e4r), in Kambodscha (<em>Das Reisfeld<\/em> von Rithy Panh, Filmfestspiele Cannes 1994 im Wettbewerb), in Senegal (<em>Hy\u00e4nen<\/em> von Djibril Diop Mamb\u00e9ty, Filmfestspiele Cannes 1992 im Wettbewerb), in Burkina Faso (<em>Yaaba<\/em> von Idrissa Ouedraogo, Filmfestspiele Cannes 1989, Quinzaine des R\u00e9alisateurs, Er\u00f6ffnungsfilm), <em>Un \u00e9t\u00e9 br\u00fblant<\/em> von Philippe Garrel mit Monica Belluci, Mostra von Venedig 2011 im Wettbewerb), <em>Salt of this Sea<\/em> von Annemarie Jacir, Filmfestspiele Cannes 2008, S\u00e9lection Officielle),usw.<\/p>\n<p style=\"text-align: justify;\"><span style=\"color: #ffffff;\">\u00a0<\/span><\/p>\n<p><img loading=\"lazy\" class=\"aligncenter wp-image-356 size-full\" src=\"http:\/\/princefilm.ch\/wp-content\/uploads\/2015\/11\/DSC_3555-copie_modifi\u00e9-2.jpg\" alt=\"Berlinale Dining Club am 11.2.2004 im Kaisersaal 54. Internationale Filmfestspiele Berlin Foto: ShamrockPhoto \/ Norbert Kesten\" width=\"4129\" height=\"2753\" srcset=\"https:\/\/princefilm.ch\/wp-content\/uploads\/2015\/11\/DSC_3555-copie_modifi\u00e9-2.jpg 4129w, https:\/\/princefilm.ch\/wp-content\/uploads\/2015\/11\/DSC_3555-copie_modifi\u00e9-2-300x200.jpg 300w, https:\/\/princefilm.ch\/wp-content\/uploads\/2015\/11\/DSC_3555-copie_modifi\u00e9-2-1024x683.jpg 1024w, https:\/\/princefilm.ch\/wp-content\/uploads\/2015\/11\/DSC_3555-copie_modifi\u00e9-2-450x300.jpg 450w\" sizes=\"(max-width: 4129px) 100vw, 4129px\" \/><\/p>\n<p style=\"text-align: center;\">Berlin, mit Fernando Solanas (goldener Ehrenb\u00e4r) und Walter Ruggle (trigon-Film)<\/p>\n<p style=\"text-align: justify;\">Unter den Filmproduktionen mit Schweizer Regisseuren:\u00a0 <em>Les Hommes du Port<\/em> von Alain Tanner, <em>Blind Date<\/em>, Kurzfilme von Samir, Christoph Schaub, Marcel Gisler, usw, <em>Far from the villages<\/em>, <em>Like stone lions at the gateway into night<\/em> and <em>The perimeter of\u00a0 Kams\u00e9<\/em>, \u00a0by Olivier Zuchuat, <em>Fire in Paradise, More than Honey <\/em>(Oscar\u00ae 2013)<em> and Eldorado <\/em>(Oscar\u00ae 2018) by Markus Imhoof<em>,\u00a0A Parting Shot by Jeanne Waltz, Win Win by Claudio Tonetti, Thelma, Farewell to Africa, Amor Fati, by Pierre-Alain Meier.<\/em><\/p>\n<p style=\"text-align: justify;\"><span style=\"color: #ffffff;\">\u00a0<\/span><\/p>\n<p style=\"text-align: center;\"><img loading=\"lazy\" class=\"aligncenter wp-image-326 size-full\" src=\"http:\/\/princefilm.ch\/wp-content\/uploads\/2015\/11\/MG_4863-copie.jpg\" alt=\"_MG_4863 - copie\" width=\"4080\" height=\"2720\" srcset=\"https:\/\/princefilm.ch\/wp-content\/uploads\/2015\/11\/MG_4863-copie.jpg 4080w, https:\/\/princefilm.ch\/wp-content\/uploads\/2015\/11\/MG_4863-copie-300x200.jpg 300w, https:\/\/princefilm.ch\/wp-content\/uploads\/2015\/11\/MG_4863-copie-1024x683.jpg 1024w, https:\/\/princefilm.ch\/wp-content\/uploads\/2015\/11\/MG_4863-copie-450x300.jpg 450w\" sizes=\"(max-width: 4080px) 100vw, 4080px\" \/><\/p>\n<div class=\"oSioSc\">\n<div id=\"tw-target\">\n<div id=\"kAz1tf\" class=\"g9WsWb\">\n<div id=\"tw-target-text-container\" class=\"tw-ta-container hide-focus-ring tw-nfl\" tabindex=\"0\">\n<p style=\"text-align: center;\">Mit Jean-Luc Couchard w\u00e4hrend der Dreharbeiten zu <em>Win Win<\/em><\/p>\n<\/div>\n<\/div>\n<div id=\"kAz1tf\" class=\"g9WsWb\">\n<div id=\"tw-target-text-container\" class=\"tw-ta-container hide-focus-ring tw-nfl\" tabindex=\"0\">\n<div class=\"QmZWSe\">\n<div class=\"DHcWmd\">\n<div class=\"oSioSc\">\n<div id=\"tw-target\">\n<div id=\"kAz1tf\" class=\"g9WsWb\">\n<div id=\"tw-target-text-container\" class=\"tw-ta-container hide-focus-ring tw-nfl\" tabindex=\"0\"><span lang=\"en\">Autor, Regisseur und Produzent von :<\/span><\/div>\n<\/div>\n<\/div>\n<\/div>\n<\/div>\n<\/div>\n<div class=\"oSioSc\">\n<div id=\"tw-target\">\n<div id=\"kAz1tf\" class=\"g9WsWb\">\n<div id=\"tw-target-text-container\" class=\"tw-ta-container hide-focus-ring tw-nfl\" tabindex=\"0\">\n<p style=\"padding-left: 40px;\"><span lang=\"en\"><br \/>\n<\/span>1986 <strong>IKARIA BP 1447<br \/>\n<\/strong>L.M. doc., 73\u2019, Grand-Prix du Festival de Strasbourg, 1987<\/p>\n<\/div>\n<\/div>\n<\/div>\n<\/div>\n<p style=\"padding-left: 40px;\">1988 <strong>DOULEUR D&#8217;AMOUR<br \/>\n<\/strong>L.M. doc., 62\u2019, Grand-Prix du Festival de Bludenz, 1988<\/p>\n<p style=\"padding-left: 40px;\">1994 <strong>LA DANSE DU SINGE ET DU POISSON<br \/>\n<\/strong>M.M. 40\u2019, doc.<\/p>\n<p style=\"padding-left: 40px;\">2001 <strong>THELMA<br \/>\n<\/strong>L.M. de fiction, 90\u2019, Festival de Mannheim-Heidelberg 2001, Prix des Exploitants<br \/>\nPrime de qualit\u00e9 OFC, Prix de la Ville de Z\u00fcrich<\/p>\n<p style=\"padding-left: 40px;\">2017 <strong>ADIEU A L\u2019AFRIQUE<br \/>\n<\/strong>L.M. doc. 87\u2019, Festival de Nyon, Comp\u00e9tition internationale.<\/p>\n<p style=\"padding-left: 40px;\">2022 <strong>LOVE OF FATE<br \/>\n<\/strong>L.M. doc 89\u2019<\/p>\n<\/div>\n<\/div>\n<div id=\"kAz1tf\" class=\"g9WsWb\">\n<div id=\"tw-target-text-container\" class=\"tw-ta-container hide-focus-ring tw-nfl\" tabindex=\"0\">\n<hr \/>\n<h5>MONIKA BREGGER<\/h5>\n<p style=\"text-align: justify;\">Production Designer, Ausstatterin, Produktionsassistentin, Gespr\u00e4chspartnerin, \u00dcbersetzerin, Monika teilt das Schicksal von Thelmafilm und Prince Film seit 1995.<\/p>\n<\/div>\n<\/div>\n<\/div>\n<\/div>\n<p style=\"text-align: justify;\">Sie hat unter anderem f\u00fcr Thelmafilm und Princefilm die D\u00e9cors von \u201eCharmants Voisins\u201c, \u201eThelma\u201c, \u201eWin Win\u201c (partie Chine), \u201eAng\u00e9lique\u201c (Blind Date), und \u201eEinfach so\u201c (Blind Date) gestaltet.<\/p>\n<p><img loading=\"lazy\" class=\"aligncenter wp-image-324 size-full\" src=\"http:\/\/princefilm.ch\/wp-content\/uploads\/2015\/11\/Monika-Bregger.jpg\" alt=\"Monika Bregger\" width=\"3872\" height=\"2592\" srcset=\"https:\/\/princefilm.ch\/wp-content\/uploads\/2015\/11\/Monika-Bregger.jpg 3872w, https:\/\/princefilm.ch\/wp-content\/uploads\/2015\/11\/Monika-Bregger-300x201.jpg 300w, https:\/\/princefilm.ch\/wp-content\/uploads\/2015\/11\/Monika-Bregger-1024x685.jpg 1024w, https:\/\/princefilm.ch\/wp-content\/uploads\/2015\/11\/Monika-Bregger-450x300.jpg 450w\" sizes=\"(max-width: 3872px) 100vw, 3872px\" \/><\/p>\n<p style=\"text-align: center;\">In Shanghai w\u00e4hrend der Dreharbeiten zu <em>Win Win.<\/em><\/p>\n","protected":false},"excerpt":{"rendered":"<p>PIERRE-ALAIN MEIER Geboren 1952 in Del\u00e9mont (Schweiz). Studium in Neuch\u00e2tel (Wissenschaft und Literatur) und Br\u00fcssel (INSAS). Gr\u00fcnder und Direktor der Thelma Film AG, seit 1988. Gr\u00fcnder und Direktor der Prince Film SA, seit 1987. Produzent von mehr als drei\u00dfig Spiel- und Dokumentarfilme f\u00fcr das Kino.\u00a0Unter anderem in Argentinien (Memoria del Saqueo von Fernando Solanas, Berlinale [&hellip;]<\/p>\n","protected":false},"author":4,"featured_media":0,"parent":0,"menu_order":0,"comment_status":"closed","ping_status":"closed","template":"","meta":[],"_links":{"self":[{"href":"https:\/\/princefilm.ch\/de\/wp-json\/wp\/v2\/pages\/11182"}],"collection":[{"href":"https:\/\/princefilm.ch\/de\/wp-json\/wp\/v2\/pages"}],"about":[{"href":"https:\/\/princefilm.ch\/de\/wp-json\/wp\/v2\/types\/page"}],"author":[{"embeddable":true,"href":"https:\/\/princefilm.ch\/de\/wp-json\/wp\/v2\/users\/4"}],"replies":[{"embeddable":true,"href":"https:\/\/princefilm.ch\/de\/wp-json\/wp\/v2\/comments?post=11182"}],"version-history":[{"count":31,"href":"https:\/\/princefilm.ch\/de\/wp-json\/wp\/v2\/pages\/11182\/revisions"}],"predecessor-version":[{"id":16319,"href":"https:\/\/princefilm.ch\/de\/wp-json\/wp\/v2\/pages\/11182\/revisions\/16319"}],"wp:attachment":[{"href":"https:\/\/princefilm.ch\/de\/wp-json\/wp\/v2\/media?parent=11182"}],"curies":[{"name":"wp","href":"https:\/\/api.w.org\/{rel}","templated":true}]}}